{"id":1182,"date":"2019-03-04T17:16:43","date_gmt":"2019-03-04T15:16:43","guid":{"rendered":"http:\/\/gefaehrliche-liebschaften.de\/?page_id=1182"},"modified":"2024-07-27T14:33:51","modified_gmt":"2024-07-27T12:33:51","slug":"wissen","status":"publish","type":"page","link":"https:\/\/gefaehrliche-liebschaften.de\/?page_id=1182","title":{"rendered":"Workshops"},"content":{"rendered":"\n<p>Das Syndikat entwickelt Workshops, gemeinsame Erlebnisse und Gespr\u00e4chsformate f\u00fcr Kulturnetzwerke, Vereine, Festivals und F\u00f6rderinstitutionen.<\/p>\n\n\n\n<figure class=\"wp-block-image\"><img loading=\"lazy\" decoding=\"async\" width=\"700\" height=\"525\" src=\"https:\/\/gefaehrliche-liebschaften.de\/wp-content\/uploads\/2019\/03\/IMG_20181004_145935-700x525.jpg\" alt=\"\" class=\"wp-image-1240\" srcset=\"https:\/\/gefaehrliche-liebschaften.de\/wp-content\/uploads\/2019\/03\/IMG_20181004_145935-700x525.jpg 700w, https:\/\/gefaehrliche-liebschaften.de\/wp-content\/uploads\/2019\/03\/IMG_20181004_145935-175x131.jpg 175w, https:\/\/gefaehrliche-liebschaften.de\/wp-content\/uploads\/2019\/03\/IMG_20181004_145935-300x225.jpg 300w, https:\/\/gefaehrliche-liebschaften.de\/wp-content\/uploads\/2019\/03\/IMG_20181004_145935-768x576.jpg 768w\" sizes=\"auto, (max-width: 700px) 100vw, 700px\" \/><\/figure>\n\n\n\n<p><\/p>\n\n\n\n<p>In der Vergangenheit wurden wir eingeladen, um<\/p>\n\n\n\n<ul class=\"wp-block-list\">\n<li>unsere Arbeitsprinzipien vorzustellen und k\u00fcnstlerische Praktiken weiterzugeben,<\/li>\n\n\n\n<li>einen Austausch zwischen Kulturschaffenden zu moderieren,<\/li>\n\n\n\n<li>Impulsvortr\u00e4ge f\u00fcr einen Perspektivwechsel auf l\u00e4ndliche R\u00e4ume zu halten,<\/li>\n\n\n\n<li>gemeinsame, inspirierende Erlebnisse zu gestalten (z.B. bei der Vorstellung einer neuen F\u00f6rderrichtlinie, zum Zukunftstag eines Verbandes oder im Rahmen einer Team-Klausur)<\/li>\n<\/ul>\n\n\n\n<figure class=\"wp-block-image size-large\"><img loading=\"lazy\" decoding=\"async\" width=\"700\" height=\"500\" src=\"https:\/\/gefaehrliche-liebschaften.de\/wp-content\/uploads\/2021\/08\/image00005-1-700x500.jpeg\" alt=\"\" class=\"wp-image-1627\" srcset=\"https:\/\/gefaehrliche-liebschaften.de\/wp-content\/uploads\/2021\/08\/image00005-1-700x500.jpeg 700w, https:\/\/gefaehrliche-liebschaften.de\/wp-content\/uploads\/2021\/08\/image00005-1-300x214.jpeg 300w, https:\/\/gefaehrliche-liebschaften.de\/wp-content\/uploads\/2021\/08\/image00005-1-175x125.jpeg 175w, https:\/\/gefaehrliche-liebschaften.de\/wp-content\/uploads\/2021\/08\/image00005-1-768x549.jpeg 768w, https:\/\/gefaehrliche-liebschaften.de\/wp-content\/uploads\/2021\/08\/image00005-1-1536x1098.jpeg 1536w, https:\/\/gefaehrliche-liebschaften.de\/wp-content\/uploads\/2021\/08\/image00005-1-2048x1464.jpeg 2048w, https:\/\/gefaehrliche-liebschaften.de\/wp-content\/uploads\/2021\/08\/image00005-1-1568x1121.jpeg 1568w\" sizes=\"auto, (max-width: 700px) 100vw, 700px\" \/><\/figure>\n\n\n\n<p><\/p>\n\n\n\n<p>Die Themen waren dabei zum Beispiel:<\/p>\n\n\n\n<ul class=\"wp-block-list\">\n<li>Wie kann die regionale Landschaft zum Ausgangspunkt von Kulturformaten werden?&nbsp;<\/li>\n\n\n\n<li>Wie gelingen Begegnung und Perspektivwechsel durch Kultur?&nbsp;<\/li>\n\n\n\n<li>Wie l\u00e4dt man Menschen ein, die sich nicht zum Kulturpublikum z\u00e4hlen?<\/li>\n\n\n\n<li>Wie gestaltet man einen offenen Prozess?<\/li>\n\n\n\n<li>Vor welchen Herausforderungen steht unsere zuk\u00fcnftige Kulturarbeit und welche konkreten Projektideen entwickeln wir daf\u00fcr?<\/li>\n<\/ul>\n\n\n\n<figure class=\"wp-block-image\"><img loading=\"lazy\" decoding=\"async\" width=\"700\" height=\"468\" src=\"https:\/\/gefaehrliche-liebschaften.de\/wp-content\/uploads\/2019\/03\/Dritte-Orte-451-700x468.jpg\" alt=\"\" class=\"wp-image-1299\" srcset=\"https:\/\/gefaehrliche-liebschaften.de\/wp-content\/uploads\/2019\/03\/Dritte-Orte-451-700x468.jpg 700w, https:\/\/gefaehrliche-liebschaften.de\/wp-content\/uploads\/2019\/03\/Dritte-Orte-451-175x117.jpg 175w, https:\/\/gefaehrliche-liebschaften.de\/wp-content\/uploads\/2019\/03\/Dritte-Orte-451-300x200.jpg 300w, https:\/\/gefaehrliche-liebschaften.de\/wp-content\/uploads\/2019\/03\/Dritte-Orte-451-768x513.jpg 768w\" sizes=\"auto, (max-width: 700px) 100vw, 700px\" \/><\/figure>\n\n\n\n<p><\/p>\n\n\n\n<p>Wir entwickeln f\u00fcr jeden Anlass eine ma\u00dfgeschneiderte Antwort und sch\u00f6pfen dabei aus den Formaten unserer k\u00fcnstlerischen Arbeit: Ob Bustour, Kohlfahrt, Live-H\u00f6rspiel, Gespr\u00e4chskarussell, Raumerkundung oder Kl\u00e4ranlage, online und offline.<\/p>\n\n\n\n<p><strong>Kontakt:<\/strong> &#x69;&#110;&#102;o&#x40;&#x67;&#101;f&#x61;&#x65;&#104;r&#x6c;&#x69;&#99;h&#x65;&#x2d;&#108;i&#x65;&#x62;&#115;c&#x68;&#x61;&#102;&#116;e&#x6e;&#x2e;&#100;e\n\n\n\n<div class=\"wp-block-group\"><div class=\"wp-block-group__inner-container is-layout-constrained wp-block-group-is-layout-constrained\">\n<div class=\"wp-block-columns is-layout-flex wp-container-core-columns-is-layout-9d6595d7 wp-block-columns-is-layout-flex\">\n<div class=\"wp-block-column is-layout-flow wp-block-column-is-layout-flow\" style=\"flex-basis:100%\">\n<p><em>Referenzen (Auswahl): <br>Bundesverband Freie Darstellende K\u00fcnste, Fonds Darstellende K\u00fcnste, Dritte Orte NRW, Hochschule Coburg, Hochschule Merseburg, Hochschule f\u00fcr Musik und Theater Rostock, Landesarbeitsgemeinschaft Soziokultureller Zentren NRW, Landesverband Soziokultur Niedersachsen, LandKulturPerlen Hessen, Ministerium f\u00fcr Kultur und Wissenschaft des Landes Nordrhein-Westfalen, TRAFO \u2013 Modelle f\u00fcr Kultur im Wandel, St\u00e4ndige Konferenz Spiel und Theater an Hochschulen, Stiftung Niedersachsen, TEDx T\u00fcbingen, Universit\u00e4t Koblenz<\/em><\/p>\n<\/div>\n<\/div>\n<\/div><\/div>\n","protected":false},"excerpt":{"rendered":"<p>Das Syndikat entwickelt Workshops, gemeinsame Erlebnisse und Gespr\u00e4chsformate f\u00fcr Kulturnetzwerke, Vereine, Festivals und F\u00f6rderinstitutionen. In der Vergangenheit wurden wir eingeladen, um Die Themen waren dabei zum Beispiel: Wir entwickeln f\u00fcr jeden Anlass eine ma\u00dfgeschneiderte Antwort und sch\u00f6pfen dabei aus den Formaten unserer k\u00fcnstlerischen Arbeit: Ob Bustour, Kohlfahrt, Live-H\u00f6rspiel, Gespr\u00e4chskarussell, Raumerkundung oder Kl\u00e4ranlage, online und offline.&hellip; <a class=\"more-link\" href=\"https:\/\/gefaehrliche-liebschaften.de\/?page_id=1182\"><span class=\"screen-reader-text\">Workshops<\/span> weiterlesen<\/a><\/p>\n","protected":false},"author":1,"featured_media":0,"parent":0,"menu_order":0,"comment_status":"closed","ping_status":"closed","template":"","meta":{"footnotes":""},"class_list":["post-1182","page","type-page","status-publish","hentry","entry"],"_links":{"self":[{"href":"https:\/\/gefaehrliche-liebschaften.de\/index.php?rest_route=\/wp\/v2\/pages\/1182","targetHints":{"allow":["GET"]}}],"collection":[{"href":"https:\/\/gefaehrliche-liebschaften.de\/index.php?rest_route=\/wp\/v2\/pages"}],"about":[{"href":"https:\/\/gefaehrliche-liebschaften.de\/index.php?rest_route=\/wp\/v2\/types\/page"}],"author":[{"embeddable":true,"href":"https:\/\/gefaehrliche-liebschaften.de\/index.php?rest_route=\/wp\/v2\/users\/1"}],"replies":[{"embeddable":true,"href":"https:\/\/gefaehrliche-liebschaften.de\/index.php?rest_route=%2Fwp%2Fv2%2Fcomments&post=1182"}],"version-history":[{"count":22,"href":"https:\/\/gefaehrliche-liebschaften.de\/index.php?rest_route=\/wp\/v2\/pages\/1182\/revisions"}],"predecessor-version":[{"id":2195,"href":"https:\/\/gefaehrliche-liebschaften.de\/index.php?rest_route=\/wp\/v2\/pages\/1182\/revisions\/2195"}],"wp:attachment":[{"href":"https:\/\/gefaehrliche-liebschaften.de\/index.php?rest_route=%2Fwp%2Fv2%2Fmedia&parent=1182"}],"curies":[{"name":"wp","href":"https:\/\/api.w.org\/{rel}","templated":true}]}}