{"id":1116,"date":"2018-05-27T16:55:46","date_gmt":"2018-05-27T14:55:46","guid":{"rendered":"http:\/\/gefaehrliche-liebschaften.de\/?page_id=1116"},"modified":"2024-11-02T23:38:46","modified_gmt":"2024-11-02T21:38:46","slug":"impressum","status":"publish","type":"page","link":"https:\/\/gefaehrliche-liebschaften.de\/?page_id=1116","title":{"rendered":"Impressum"},"content":{"rendered":"<h2>Angaben gem\u00e4\u00df \u00a7 5 TMG:<\/h2>\n<p>Syndikat Gef\u00e4hrliche Liebschaften GbR<br \/>\nKoppelstra\u00dfe 4<br \/>\n49610 Quakenbr\u00fcck<\/p>\n<h2>Vertreten durch:<\/h2>\n<p>Micha Kranixfeld \/ Silvan Stephan \/ Aishe Spalthoff \/ Nadja S\u00fchnel \/ Marleen Wolter \/ Felix Worpenberg<\/p>\n<h2>Kontakt:<\/h2>\n<p>E-Mail: info&#64;&#103;&#101;&#102;&#97;&#x65;&#x68;&#x72;&#x6c;&#x69;&#x63;&#x68;e-li&#101;&#98;&#115;&#99;&#104;&#x61;&#x66;&#x74;&#x65;&#x6e;&#x2e;&#x64;&#x65;\n<h2>Streitschlichtung<\/h2>\n<p>Wir sind nicht bereit oder verpflichtet, an Streitbeilegungsverfahren vor einer Verbraucherschlichtungsstelle teilzunehmen.<\/p>\n<p>Quelle: <a href=\"http:\/\/www.anwalt.de\" rel=\"nofollow\">Impressum-Generator von anwalt.de<\/a><\/p>\n","protected":false},"excerpt":{"rendered":"<p>Angaben gem\u00e4\u00df \u00a7 5 TMG: Syndikat Gef\u00e4hrliche Liebschaften GbR Koppelstra\u00dfe 4 49610 Quakenbr\u00fcck Vertreten durch: Micha Kranixfeld \/ Silvan Stephan \/ Aishe Spalthoff \/ Nadja S\u00fchnel \/ Marleen Wolter \/ Felix Worpenberg Kontakt: E-Mail: Streitschlichtung Wir sind nicht bereit oder verpflichtet, an Streitbeilegungsverfahren vor einer Verbraucherschlichtungsstelle teilzunehmen. Quelle: Impressum-Generator von anwalt.de<\/p>\n","protected":false},"author":1,"featured_media":0,"parent":0,"menu_order":0,"comment_status":"closed","ping_status":"closed","template":"","meta":{"footnotes":""},"class_list":["post-1116","page","type-page","status-publish","hentry","entry"],"_links":{"self":[{"href":"https:\/\/gefaehrliche-liebschaften.de\/index.php?rest_route=\/wp\/v2\/pages\/1116","targetHints":{"allow":["GET"]}}],"collection":[{"href":"https:\/\/gefaehrliche-liebschaften.de\/index.php?rest_route=\/wp\/v2\/pages"}],"about":[{"href":"https:\/\/gefaehrliche-liebschaften.de\/index.php?rest_route=\/wp\/v2\/types\/page"}],"author":[{"embeddable":true,"href":"https:\/\/gefaehrliche-liebschaften.de\/index.php?rest_route=\/wp\/v2\/users\/1"}],"replies":[{"embeddable":true,"href":"https:\/\/gefaehrliche-liebschaften.de\/index.php?rest_route=%2Fwp%2Fv2%2Fcomments&post=1116"}],"version-history":[{"count":5,"href":"https:\/\/gefaehrliche-liebschaften.de\/index.php?rest_route=\/wp\/v2\/pages\/1116\/revisions"}],"predecessor-version":[{"id":2234,"href":"https:\/\/gefaehrliche-liebschaften.de\/index.php?rest_route=\/wp\/v2\/pages\/1116\/revisions\/2234"}],"wp:attachment":[{"href":"https:\/\/gefaehrliche-liebschaften.de\/index.php?rest_route=%2Fwp%2Fv2%2Fmedia&parent=1116"}],"curies":[{"name":"wp","href":"https:\/\/api.w.org\/{rel}","templated":true}]}}